{"id":11358,"date":"2023-02-24T14:47:20","date_gmt":"2023-02-24T14:47:20","guid":{"rendered":"https:\/\/angry-blackburn.89-31-73-59.plesk.page\/prodotto\/set-of-2-place-settings-aquamarine-yellow-dinner-o27cm-soup-o22cm-side-o19cm\/"},"modified":"2026-03-02T12:48:02","modified_gmt":"2026-03-02T12:48:02","slug":"set-of-2-place-settings-aquamarine-yellow-dinner-o27cm-soup-o22cm-side-o19cm","status":"publish","type":"product","link":"https:\/\/rossoramina.it\/en\/product\/set-of-2-place-settings-aquamarine-yellow-dinner-o27cm-soup-o22cm-side-o19cm\/","title":{"rendered":"SET OF 2 PLACE SETTINGS AQUAMARINE\/YELLOW dinner \u00f827cm &#8211; soup \u00f822cm &#8211; side \u00f819cm"},"content":{"rendered":"<p class=\"western\">Nella collezione Fluida un <em>colore liquido<\/em>, appunto fluido, esalta la<em> terracotta<\/em> sottostante e fa muovere i decori rendendo, ogni volta, una sorpresa l?oggetto che esce dal forno.<\/p>\n<ul>\n<li>Set of 6 plates, 2 dinner plates (weight 880g each), 2 soup plates (weight 680g each), 2 side plates (weight 450g each)<\/li>\n<li>Ceramic plates handmade and hand-decorated, in red clay<\/li>\n<li>Polka dot border\/dandelion YELLOW, filled polka dot\/rosette AQUAMARINE<\/li>\n<li>Ideal for the table, for serving desserts, savoury pies and omelettes<\/li>\n<li>Dishwasher safe<\/li>\n<li>Moca certified for food use<\/li>\n<\/ul>\n","protected":false},"excerpt":{"rendered":"<p>Set of plates entirely handmade and hand-decorated.<\/p>\n","protected":false},"featured_media":11359,"template":"","meta":{"_acf_changed":false},"collezione":[139],"product_brand":[],"product_cat":[380,379,369,308,327,345,307,337,378,331,346,368,334,362,320,377,325,382,357,326,311,349,314,333,341,365,384,383,319,353,381,356,354,317,374,375],"product_tag":[],"class_list":{"0":"post-11358","1":"product","2":"type-product","3":"status-publish","4":"has-post-thumbnail","6":"collezione-fluida","7":"product_cat-aperitif","8":"product_cat-aquamarine","9":"product_cat-artisanal","10":"product_cat-artistic-ceramics","11":"product_cat-bowl","12":"product_cat-breakfast","13":"product_cat-ceramics","14":"product_cat-coffee-cup","15":"product_cat-collection","16":"product_cat-colour","17":"product_cat-cup","18":"product_cat-decorated","19":"product_cat-decoration","20":"product_cat-drawings","21":"product_cat-figures","22":"product_cat-fluida","23":"product_cat-food-use","24":"product_cat-fruit","25":"product_cat-gift","26":"product_cat-green","27":"product_cat-handmade","28":"product_cat-lilac","29":"product_cat-made-in-italy","30":"product_cat-multipurpose","31":"product_cat-nature","32":"product_cat-pink","33":"product_cat-place-settings","34":"product_cat-plate","35":"product_cat-rossoramina","36":"product_cat-set","37":"product_cat-sweet","38":"product_cat-table","39":"product_cat-tray","40":"product_cat-unique-piece","41":"product_cat-white","42":"product_cat-yellow","44":"first","45":"instock","46":"shipping-taxable","47":"purchasable","48":"product-type-simple"},"acf":[],"_links":{"self":[{"href":"https:\/\/rossoramina.it\/en\/wp-json\/wp\/v2\/product\/11358","targetHints":{"allow":["GET"]}}],"collection":[{"href":"https:\/\/rossoramina.it\/en\/wp-json\/wp\/v2\/product"}],"about":[{"href":"https:\/\/rossoramina.it\/en\/wp-json\/wp\/v2\/types\/product"}],"wp:featuredmedia":[{"embeddable":true,"href":"https:\/\/rossoramina.it\/en\/wp-json\/wp\/v2\/media\/11359"}],"wp:attachment":[{"href":"https:\/\/rossoramina.it\/en\/wp-json\/wp\/v2\/media?parent=11358"}],"wp:term":[{"taxonomy":"collezione","embeddable":true,"href":"https:\/\/rossoramina.it\/en\/wp-json\/wp\/v2\/collezione?post=11358"},{"taxonomy":"product_brand","embeddable":true,"href":"https:\/\/rossoramina.it\/en\/wp-json\/wp\/v2\/product_brand?post=11358"},{"taxonomy":"product_cat","embeddable":true,"href":"https:\/\/rossoramina.it\/en\/wp-json\/wp\/v2\/product_cat?post=11358"},{"taxonomy":"product_tag","embeddable":true,"href":"https:\/\/rossoramina.it\/en\/wp-json\/wp\/v2\/product_tag?post=11358"}],"curies":[{"name":"wp","href":"https:\/\/api.w.org\/{rel}","templated":true}]}}